{"id":6514,"date":"2019-04-29T09:08:53","date_gmt":"2019-04-29T07:08:53","guid":{"rendered":"http:\/\/www.dovaaircraft.be\/prodej-licenci\/"},"modified":"2020-07-07T08:15:25","modified_gmt":"2020-07-07T06:15:25","slug":"prodej-licenci","status":"publish","type":"page","link":"https:\/\/www.dovaaircraft.be\/es\/prodej-licenci\/","title":{"rendered":"Venta de licencias"},"content":{"rendered":"<h2>Lorem ipsum dolor sit amet H2<\/h2>\n<p>Sed posuere consectetur est at lobortis. Donec id elit non mi porta gravida at eget metus. Donec sed odio dui. Sed posuere consectetur est at lobortis. <strong>Maecenas faucibus<\/strong> mollis interdum. Cum sociis natoque penatibus et magnis dis parturient montes, nascetur ridiculus mus. Lorem ipsum dolor sit amet, consectetur adipiscing elit.<\/p>\n<p><img src=\"\/images\/obsah-obrazek.jpg\" alt=\"testovac\u00ed obr\u00e1zek\" \/><\/p>\n<h3>Lorem ipsum dolor sit amet H3<\/h3>\n<p>Sed posuere consectetur est at lobortis. <a href=\"#\">Donec id elit<\/a> non mi porta gravida at eget metus. Donec sed odio dui. Sed posuere consectetur est at lobortis. Maecenas faucibus mollis interdum. Cum sociis natoque penatibus et magnis dis parturient montes, nascetur ridiculus mus. Lorem ipsum dolor sit amet, consectetur adipiscing elit.<\/p>\n<h4>Lorem ipsum dolor sit amet H4<\/h4>\n<h5>Lorem ipsum dolor sit amet H5<\/h5>\n<ul>\n<li>Sed posuere consectetur est at lobortis. <a href=\"#\">Donec id elit<\/a> non mi porta gravida at eget metus. Donec sed odio dui. Sed posuere consectetur est at lobortis. Maecenas faucibus mollis interdum. Cum sociis natoque penatibus et magnis dis parturient montes, nascetur ridiculus mus. Lorem ipsum dolor sit amet, consectetur adipiscing elit.<\/li>\n<li>Donec id elit non mi porta<\/li>\n<li>Sed posuere consectetur<\/li>\n<li>Cum sociis natoque<\/li>\n<li>Lorem ipsum dolor sit<\/li>\n<\/ul>\n<ol>\n<li>Sed posuere consectetur<\/li>\n<li>Donec id elit non mi porta<\/li>\n<li>Sed posuere consectetur<\/li>\n<li>Cum sociis natoque<\/li>\n<li>Lorem ipsum dolor sit<\/li>\n<\/ol>\n<p><a class=\"btn\" href=\"#\">Button 1<\/a> <a class=\"btnRounded\" href=\"#\">Button 2<\/a><\/p>\n<table>\n<tbody>\n<tr>\n<th>Rozp\u011bt\u00ed<\/th>\n<th><strong>8.14 m<\/strong><\/th>\n<th><strong>8.14 m<\/strong><\/th>\n<\/tr>\n<tr>\n<td>\u00dalo\u017en\u00fd prostor<\/td>\n<td><strong>0.50 m<sup>2<\/sup><\/strong><\/td>\n<td><strong>0.50 m<sup>2<\/sup><\/strong><\/td>\n<\/tr>\n<tr>\n<td>Sedadla<\/td>\n<td><strong>2<\/strong><\/td>\n<td><strong>2<\/strong><\/td>\n<\/tr>\n<tr>\n<td>Motor<\/td>\n<td><strong>ROTAX 912UL\/ULS<\/strong><\/td>\n<td><strong>ROTAX 912UL\/ULS<\/strong><\/td>\n<\/tr>\n<tr>\n<td>Vrtule<\/td>\n<td><strong>Pevn\u00e1\/staviteln\u00e1<\/strong><\/td>\n<td><strong>Pevn\u00e1\/staviteln\u00e1<\/strong><\/td>\n<\/tr>\n<tr>\n<td>Maxim\u00e1ln\u00ed rychlost<\/td>\n<td><strong>280 km\/h<\/strong><\/td>\n<td><strong>280 km\/h<\/strong><\/td>\n<\/tr>\n<tr>\n<td>Dolet<\/td>\n<td><strong>1100 km<\/strong><\/td>\n<td><strong>1100 km<\/strong><\/td>\n<\/tr>\n<\/tbody>\n<\/table>\n","protected":false},"excerpt":{"rendered":"<p>Lorem ipsum dolor sit amet H2 Sed posuere consectetur &#8230;<\/p>\n","protected":false},"author":1,"featured_media":0,"parent":0,"menu_order":0,"comment_status":"closed","ping_status":"closed","template":"_blocks.php","meta":[],"yoast_head":"<!-- This site is optimized with the Yoast SEO plugin v16.2 - https:\/\/yoast.com\/wordpress\/plugins\/seo\/ -->\n<meta name=\"robots\" content=\"index, follow, max-snippet:-1, max-image-preview:large, max-video-preview:-1\" \/>\n<link rel=\"canonical\" href=\"https:\/\/www.dovaaircraft.be\/es\/prodej-licenci\/\" \/>\n<meta property=\"og:locale\" content=\"es_ES\" \/>\n<meta property=\"og:type\" content=\"article\" \/>\n<meta property=\"og:title\" content=\"Venta de licencias - DOVA Aircraft\" \/>\n<meta property=\"og:description\" content=\"Lorem ipsum dolor sit amet H2 Sed posuere consectetur ...\" \/>\n<meta property=\"og:url\" content=\"https:\/\/www.dovaaircraft.be\/es\/prodej-licenci\/\" \/>\n<meta property=\"og:site_name\" content=\"DOVA Aircraft\" \/>\n<meta property=\"article:modified_time\" content=\"2020-07-07T06:15:25+00:00\" \/>\n<meta property=\"og:image\" content=\"https:\/\/www.dovaaircraft.be\/images\/obsah-obrazek.jpg\" \/>\n<meta name=\"twitter:card\" content=\"summary_large_image\" \/>\n<meta name=\"twitter:label1\" content=\"Tiempo de lectura\">\n\t<meta name=\"twitter:data1\" content=\"1 minuto\">\n<script type=\"application\/ld+json\" class=\"yoast-schema-graph\">{\"@context\":\"https:\/\/schema.org\",\"@graph\":[{\"@type\":\"WebSite\",\"@id\":\"https:\/\/www.dovaaircraft.be\/es\/#website\",\"url\":\"https:\/\/www.dovaaircraft.be\/es\/\",\"name\":\"DOVA Aircraft\",\"description\":\"Ultralight Skylark DV-1\",\"potentialAction\":[{\"@type\":\"SearchAction\",\"target\":\"https:\/\/www.dovaaircraft.be\/es\/?s={search_term_string}\",\"query-input\":\"required name=search_term_string\"}],\"inLanguage\":\"es\"},{\"@type\":\"ImageObject\",\"@id\":\"https:\/\/www.dovaaircraft.be\/es\/prodej-licenci\/#primaryimage\",\"inLanguage\":\"es\",\"url\":\"\/images\/obsah-obrazek.jpg\",\"contentUrl\":\"\/images\/obsah-obrazek.jpg\"},{\"@type\":\"WebPage\",\"@id\":\"https:\/\/www.dovaaircraft.be\/es\/prodej-licenci\/#webpage\",\"url\":\"https:\/\/www.dovaaircraft.be\/es\/prodej-licenci\/\",\"name\":\"Venta de licencias - DOVA Aircraft\",\"isPartOf\":{\"@id\":\"https:\/\/www.dovaaircraft.be\/es\/#website\"},\"primaryImageOfPage\":{\"@id\":\"https:\/\/www.dovaaircraft.be\/es\/prodej-licenci\/#primaryimage\"},\"datePublished\":\"2019-04-29T07:08:53+00:00\",\"dateModified\":\"2020-07-07T06:15:25+00:00\",\"breadcrumb\":{\"@id\":\"https:\/\/www.dovaaircraft.be\/es\/prodej-licenci\/#breadcrumb\"},\"inLanguage\":\"es\",\"potentialAction\":[{\"@type\":\"ReadAction\",\"target\":[\"https:\/\/www.dovaaircraft.be\/es\/prodej-licenci\/\"]}]},{\"@type\":\"BreadcrumbList\",\"@id\":\"https:\/\/www.dovaaircraft.be\/es\/prodej-licenci\/#breadcrumb\",\"itemListElement\":[{\"@type\":\"ListItem\",\"position\":1,\"item\":{\"@type\":\"WebPage\",\"@id\":\"https:\/\/www.dovaaircraft.be\/es\/\",\"url\":\"https:\/\/www.dovaaircraft.be\/es\/\",\"name\":\"Dom\\u016f\"}},{\"@type\":\"ListItem\",\"position\":2,\"item\":{\"@id\":\"https:\/\/www.dovaaircraft.be\/es\/prodej-licenci\/#webpage\"}}]}]}<\/script>\n<!-- \/ Yoast SEO plugin. -->","_links":{"self":[{"href":"https:\/\/www.dovaaircraft.be\/es\/wp-json\/wp\/v2\/pages\/6514"}],"collection":[{"href":"https:\/\/www.dovaaircraft.be\/es\/wp-json\/wp\/v2\/pages"}],"about":[{"href":"https:\/\/www.dovaaircraft.be\/es\/wp-json\/wp\/v2\/types\/page"}],"author":[{"embeddable":true,"href":"https:\/\/www.dovaaircraft.be\/es\/wp-json\/wp\/v2\/users\/1"}],"replies":[{"embeddable":true,"href":"https:\/\/www.dovaaircraft.be\/es\/wp-json\/wp\/v2\/comments?post=6514"}],"version-history":[{"count":5,"href":"https:\/\/www.dovaaircraft.be\/es\/wp-json\/wp\/v2\/pages\/6514\/revisions"}],"predecessor-version":[{"id":6515,"href":"https:\/\/www.dovaaircraft.be\/es\/wp-json\/wp\/v2\/pages\/6514\/revisions\/6515"}],"wp:attachment":[{"href":"https:\/\/www.dovaaircraft.be\/es\/wp-json\/wp\/v2\/media?parent=6514"}],"curies":[{"name":"wp","href":"https:\/\/api.w.org\/{rel}","templated":true}]}}