{"id":2213,"date":"2019-10-03T10:48:06","date_gmt":"2019-10-03T08:48:06","guid":{"rendered":"http:\/\/www.dovaaircraft.be\/?page_id=2213"},"modified":"2019-10-03T11:09:26","modified_gmt":"2019-10-03T09:09:26","slug":"deset-kroku-k-dokonalosti","status":"publish","type":"page","link":"https:\/\/www.dovaaircraft.be\/cs\/deset-kroku-k-dokonalosti\/","title":{"rendered":"Deset krok\u016f k dokonalosti"},"content":{"rendered":"<ol>\n<li><strong>Elegantn\u00ed trup<\/strong><\/li>\n<p>&#8211; Polosko\u0159epinov\u00e1 konstrukce vyztu\u017eena pod\u00e9ln\u00edky a s nosn\u00fdm potahem.<br \/>\n&#8211; V\u0161echny nosn\u00e9 \u010d\u00e1sti jsou vyrobeny z duralu.<br \/>\n&#8211; Pr\u016f\u0159ez trupu je ve spodn\u00ed \u010d\u00e1sti obd\u00e9ln\u00edkov\u00fd a v horn\u00ed \u010d\u00e1sti eliptick\u00fd.<br \/>\n&#8211; Sou\u010d\u00e1st\u00ed konstrukce trupu je k\u00fdl.<\/p>\n<li><strong>Lichob\u011b\u017en\u00edkov\u00e9 k\u0159\u00eddlo<\/strong><\/li>\n<p>&#8211; Polosko\u0159epinov\u00e1 konstrukce.<br \/>\n&#8211; Vybaveno jednoduch\u00fdmi skl\u00e1p\u011bc\u00edmi vztlakov\u00fdmi klapkami a k\u0159id\u00e9lky a tak\u00e9 karbonov\u00fdmi winglety pro lep\u0161\u00ed v\u00fdkony v stoup\u00e1n\u00ed.<br \/>\n&#8211; Navr\u017eeno jako samonosn\u00e9 s jedn\u00edm hlavn\u00edm a jedn\u00edm zadn\u00edm pomocn\u00fdm nosn\u00edkem.<br \/>\n&#8211; Uchyceno k trupu pomoc\u00ed dvou z\u00e1v\u011bs\u016f na hlavn\u00edm nosn\u00edku a jednoho z\u00e1v\u011bsu na zadn\u00edm nosn\u00edku.<br \/>\n&#8211; Tvar profilu k\u0159\u00eddla je tvo\u0159en pomoc\u00ed duralov\u00fdch \u017eeber na n\u00e1b\u011b\u017en\u00e9 a odtokov\u00e9 stran\u011b k\u0159\u00eddla a potahem z duralov\u00fdch plech\u016f.<\/p>\n<li><strong>Svisl\u00e9 a vodorovn\u00e9 ocasn\u00ed plochy typu \u201eT\u201c (SOP, VOP)<\/strong><\/li>\n<p>&#8211; Polosko\u0159epinov\u00e1 konstrukce tvo\u0159ena \u017eebry, nosn\u00edky a nosn\u00fdm potahem.<br \/>\n&#8211; Plochy VOP maj\u00ed obd\u00e9ln\u00edkov\u00fd p\u016fdorys.<br \/>\n&#8211; VOP a SOP se skl\u00e1daj\u00ed ze sm\u011brovky, horizont\u00e1ln\u00edho stabiliz\u00e1toru a v\u00fd\u0161kovky s elektricky ovl\u00e1danou vyva\u017eovac\u00ed plo\u0161kou.<br \/>\n&#8211; Sm\u011brovka je ke k\u00fdlu p\u0159ipevn\u011bna pomoc\u00ed dvou z\u00e1v\u011bs\u016f.<\/p>\n<li><strong>Pevn\u00fd podvozek s \u0159\u00edzen\u00fdm p\u0159\u00ed\u010fov\u00fdm kolem<\/strong><\/li>\n<p>&#8211; Noha p\u0159\u00ed\u010fov\u00e9ho podvozku vyrobena z ocelov\u00e9 trubky a odpru\u017eena gumov\u00fdmi silentbloky.<br \/>\n&#8211; Sklolamin\u00e1tov\u00e1 konstrukce noh hlavn\u00edho podvozku.<br \/>\n&#8211; Standardn\u00ed pneumatiky 14&#215;4 palce na kolech.<br \/>\n&#8211; Diskov\u00e9 brzdy ovl\u00e1dan\u00e9 pomoc\u00ed ped\u00e1l\u016f na no\u017en\u00edm \u0159\u00edzen\u00ed.<br \/>\n&#8211; Hydraulick\u00e9 brzdy se ovl\u00e1daj\u00ed nez\u00e1visle a spolu s \u0159iditeln\u00fdm p\u0159\u00ed\u010fov\u00fdm kolem umo\u017e\u0148uj\u00ed jednoduch\u00e9 poj\u00ed\u017ed\u011bn\u00ed.<\/p>\n<li><strong>Efektivn\u00ed zdvojen\u00e9 \u0159\u00edzen\u00ed<\/strong><\/li>\n<p>&#8211; K\u0159id\u00e9lka a v\u00fd\u0161kovka se ovl\u00e1daj\u00ed pomoc\u00ed \u0159\u00edd\u00edc\u00ed p\u00e1ky p\u0159es t\u00e1hla a \u00fahlov\u00e9 p\u00e1ky.<br \/>\n&#8211; Sm\u011brovka se ovl\u00e1d\u00e1 pomoc\u00ed ped\u00e1l\u016f no\u017en\u00edho \u0159\u00edzen\u00ed p\u0159es ocelov\u00e1 lanka.<br \/>\n&#8211; Geometrie brzdov\u00fdch ped\u00e1l\u016f zaji\u0161\u0165uje minimalizaci ne\u00famysln\u00e9ho br\u017ed\u011bn\u00ed.<br \/>\n&#8211; P\u00e1ka um\u00edst\u011bna mezi sedadly mechanicky \u0159\u00edd\u00ed vztlakov\u00e9 klapky.<br \/>\n&#8211; Na po\u017eadavek m\u016f\u017eeme instalovat du\u00e1ln\u00ed pod\u00e9ln\u00e9 vyv\u00e1\u017een\u00ed.<\/p>\n<li><strong>\u0160pi\u010dkov\u00fd motor Rotax<\/strong><\/li>\n<p>&#8211; Nab\u00edz\u00edme v\u00fdv\u011br ze dvou typ\u016f motor\u016f Rotax \u2013 912 UL (80 HP) \/ 912 ULS (100HP)<br \/>\n&#8211; Uchycen p\u0159es pomocn\u00e9 motorov\u00e9 lo\u017ee a silentbloky k hlavn\u00edmu motorov\u00e9mu lo\u017ei na motorov\u00e9 p\u0159ep\u00e1\u017ece.<br \/>\n&#8211; Vybaven elektrick\u00fdm start\u00e9rem, altern\u00e1torem, mechanick\u00fdm palivov\u00fdm \u010derpadlem.<br \/>\n&#8211; Dvoud\u00edln\u00e9 proveden\u00ed lamin\u00e1tov\u00fdch kryt\u016f motoru umo\u017e\u0148uje snadnou kontrolu a \u00fadr\u017ebu.<br \/>\n&#8211; D\u00edky kombinovan\u00e9mu chlazen\u00ed chlad\u00ed hlavy v\u00e1lc\u016f voda a v\u00e1lce samotn\u00e9 vzduch.<br \/>\n&#8211; Mazac\u00ed syst\u00e9m motoru se suchou klikovou sk\u0159\u00edn\u00ed.<br \/>\n&#8211; Zdvojen\u00e9 zapalov\u00e1n\u00ed.<\/p>\n<li><strong>Propracovan\u00fd palivov\u00fd syst\u00e9m<\/strong><\/li>\n<p>&#8211; Slo\u017een ze dvou integr\u00e1ln\u00edch n\u00e1dr\u017e\u00ed um\u00edst\u011bn\u00fdch v k\u0159\u00eddlech o celkov\u00e9m objemu 90 litr\u016f n\u00fdtovan\u00fdch a lepen\u00fdch z duralov\u00fdch plech\u016f.<br \/>\n&#8211; Ka\u017ed\u00e1 n\u00e1dr\u017e m\u00e1 odvzdu\u0161n\u011bn\u00ed, odkalova\u010d, palivom\u011br a filtr ve v\u00fdstupn\u00edm ventilu.<br \/>\n&#8211; Palivov\u00e1 soustava obsahuje v trupu t\u0159\u00edcestn\u00fd palivov\u00fd kohout a jemn\u00fd palivov\u00fd filtr v motorov\u00e9m prostoru.<br \/>\n&#8211; Vratn\u00e1 v\u011btev je vedena zp\u011bt do n\u00e1dr\u017ee v prav\u00e9m k\u0159\u00eddle.<br \/>\n&#8211; Na p\u0159\u00e1n\u00ed lze instalovat elektrick\u00e9 palivov\u00e9 \u010derpadlo, ohnivzdorn\u00e9 n\u00e1vleky na palivov\u00e9 hadice \u010di osadit n\u00e1dr\u017ee uzamykateln\u00fdmi v\u00ed\u010dky.<\/p>\n<li><strong>Jednovodi\u010dov\u00fd elektrick\u00fd syst\u00e9m<\/strong><\/li>\n<p>&#8211; Se z\u00e1porn\u00fdm p\u00f3lem odd\u011blen\u00fdm pomoc\u00ed sb\u011brnic p\u0159ipojen\u00fdch ke zdroji proudu.<br \/>\n&#8211; Chr\u00e1n\u011bn pomoc\u00ed pojistek um\u00edst\u011bn\u00fdch na panelu.<br \/>\n&#8211; Jako zdroj proudu slou\u017e\u00ed jednof\u00e1zov\u00fd gener\u00e1tor integrovan\u00fd v motoru a 12 V bez\u00fadr\u017ebov\u00e1 baterie um\u00edst\u011bn\u00e1 na motorov\u00e9 p\u0159ep\u00e1\u017ece.<\/p>\n<li><strong>Pohodln\u00e1 a prostorn\u00e1 kabina<\/strong><\/li>\n<p>&#8211; Dv\u011b vedle sebe um\u00edst\u011bn\u00e1 \u010daloun\u011bn\u00e1 ergonomick\u00e1 sedadla, nastaviteln\u00e1 do t\u0159ech poloh s \u010dty\u0159bodov\u00fdmi bezpe\u010dnostn\u00edmi p\u00e1sy s ramenn\u00edmi popruhy.<br \/>\n&#8211; Zavazadlov\u00fd prostor um\u00edst\u011bn\u00fd za sedadly unese zavazadla o maxim\u00e1ln\u00ed hmotnosti 20 kg.<br \/>\n&#8211; P\u0159\u00edstup do kabiny mo\u017en\u00fd po otev\u0159en\u00ed jednod\u00edln\u00e9ho p\u0159ekrytu vyroben\u00e9ho z plexiskla.<br \/>\n&#8211; Nov\u00fd robustn\u00ed sklolamin\u00e1tov\u00fd p\u0159ekryt kabiny je aerodynamicky optimalizov\u00e1n pro sn\u00ed\u017een\u00ed odporu a vybaven zamykac\u00edm mechanismem.<br \/>\n&#8211; Ventilace kabiny funguje p\u0159es v\u011btrac\u00ed ventily spojen\u00fdmi s naca vstupy.<br \/>\n&#8211; Syst\u00e9m vyt\u00e1p\u011bn\u00ed se separ\u00e1tn\u00ed regulac\u00ed objemu distribuce tepl\u00e9ho a studen\u00e9ho vzduchu uvnit\u0159 kabiny, s odmrazov\u00e1n\u00edm a odml\u017eov\u00e1n\u00edm je bezpe\u010dn\u00fd pro poj\u00ed\u017ed\u011bn\u00ed.<\/p>\n<li><strong>Pitot statick\u00e1 soustava<\/strong><\/li>\n<p>&#8211; Distribuce tlaku k jednotliv\u00fdm p\u0159\u00edstroj\u016fm je proveden\u00e1 pomoc\u00ed flexibiln\u00edch plastov\u00fdch hadic.<\/p>\n<\/ol>\n","protected":false},"excerpt":{"rendered":"<p>Elegantn\u00ed trup &#8211; Polosko\u0159epinov\u00e1 konstrukce vyztu\u017eena pod\u00e9ln\u00edky a s &#8230;<\/p>\n","protected":false},"author":3,"featured_media":0,"parent":0,"menu_order":0,"comment_status":"closed","ping_status":"closed","template":"","meta":[],"yoast_head":"<!-- This site is optimized with the Yoast SEO plugin v16.2 - https:\/\/yoast.com\/wordpress\/plugins\/seo\/ -->\n<meta name=\"robots\" content=\"index, follow, max-snippet:-1, max-image-preview:large, max-video-preview:-1\" \/>\n<link rel=\"canonical\" href=\"https:\/\/www.dovaaircraft.be\/cs\/deset-kroku-k-dokonalosti\/\" \/>\n<meta property=\"og:locale\" content=\"cs_CZ\" \/>\n<meta property=\"og:type\" content=\"article\" \/>\n<meta property=\"og:title\" content=\"Deset krok\u016f k dokonalosti - DOVA Aircraft\" \/>\n<meta property=\"og:description\" content=\"Elegantn\u00ed trup &#8211; Polosko\u0159epinov\u00e1 konstrukce vyztu\u017eena pod\u00e9ln\u00edky a s ...\" \/>\n<meta property=\"og:url\" content=\"https:\/\/www.dovaaircraft.be\/cs\/deset-kroku-k-dokonalosti\/\" \/>\n<meta property=\"og:site_name\" content=\"DOVA Aircraft\" \/>\n<meta property=\"article:modified_time\" content=\"2019-10-03T09:09:26+00:00\" \/>\n<meta name=\"twitter:card\" content=\"summary_large_image\" \/>\n<meta name=\"twitter:label1\" content=\"Odhadovan\u00e1 doba \u010dten\u00ed\">\n\t<meta name=\"twitter:data1\" content=\"4 minuty\">\n<script type=\"application\/ld+json\" class=\"yoast-schema-graph\">{\"@context\":\"https:\/\/schema.org\",\"@graph\":[{\"@type\":\"WebSite\",\"@id\":\"https:\/\/www.dovaaircraft.be\/cs\/#website\",\"url\":\"https:\/\/www.dovaaircraft.be\/cs\/\",\"name\":\"DOVA Aircraft\",\"description\":\"Ultralight Skylark DV-1\",\"potentialAction\":[{\"@type\":\"SearchAction\",\"target\":\"https:\/\/www.dovaaircraft.be\/cs\/?s={search_term_string}\",\"query-input\":\"required name=search_term_string\"}],\"inLanguage\":\"cs\"},{\"@type\":\"WebPage\",\"@id\":\"https:\/\/www.dovaaircraft.be\/cs\/deset-kroku-k-dokonalosti\/#webpage\",\"url\":\"https:\/\/www.dovaaircraft.be\/cs\/deset-kroku-k-dokonalosti\/\",\"name\":\"Deset krok\\u016f k dokonalosti - DOVA Aircraft\",\"isPartOf\":{\"@id\":\"https:\/\/www.dovaaircraft.be\/cs\/#website\"},\"datePublished\":\"2019-10-03T08:48:06+00:00\",\"dateModified\":\"2019-10-03T09:09:26+00:00\",\"breadcrumb\":{\"@id\":\"https:\/\/www.dovaaircraft.be\/cs\/deset-kroku-k-dokonalosti\/#breadcrumb\"},\"inLanguage\":\"cs\",\"potentialAction\":[{\"@type\":\"ReadAction\",\"target\":[\"https:\/\/www.dovaaircraft.be\/cs\/deset-kroku-k-dokonalosti\/\"]}]},{\"@type\":\"BreadcrumbList\",\"@id\":\"https:\/\/www.dovaaircraft.be\/cs\/deset-kroku-k-dokonalosti\/#breadcrumb\",\"itemListElement\":[{\"@type\":\"ListItem\",\"position\":1,\"item\":{\"@type\":\"WebPage\",\"@id\":\"https:\/\/www.dovaaircraft.be\/cs\/\",\"url\":\"https:\/\/www.dovaaircraft.be\/cs\/\",\"name\":\"Dom\\u016f\"}},{\"@type\":\"ListItem\",\"position\":2,\"item\":{\"@id\":\"https:\/\/www.dovaaircraft.be\/cs\/deset-kroku-k-dokonalosti\/#webpage\"}}]}]}<\/script>\n<!-- \/ Yoast SEO plugin. -->","_links":{"self":[{"href":"https:\/\/www.dovaaircraft.be\/cs\/wp-json\/wp\/v2\/pages\/2213"}],"collection":[{"href":"https:\/\/www.dovaaircraft.be\/cs\/wp-json\/wp\/v2\/pages"}],"about":[{"href":"https:\/\/www.dovaaircraft.be\/cs\/wp-json\/wp\/v2\/types\/page"}],"author":[{"embeddable":true,"href":"https:\/\/www.dovaaircraft.be\/cs\/wp-json\/wp\/v2\/users\/3"}],"replies":[{"embeddable":true,"href":"https:\/\/www.dovaaircraft.be\/cs\/wp-json\/wp\/v2\/comments?post=2213"}],"version-history":[{"count":8,"href":"https:\/\/www.dovaaircraft.be\/cs\/wp-json\/wp\/v2\/pages\/2213\/revisions"}],"predecessor-version":[{"id":2233,"href":"https:\/\/www.dovaaircraft.be\/cs\/wp-json\/wp\/v2\/pages\/2213\/revisions\/2233"}],"wp:attachment":[{"href":"https:\/\/www.dovaaircraft.be\/cs\/wp-json\/wp\/v2\/media?parent=2213"}],"curies":[{"name":"wp","href":"https:\/\/api.w.org\/{rel}","templated":true}]}}