{"id":2173,"date":"2019-10-03T09:07:44","date_gmt":"2019-10-03T07:07:44","guid":{"rendered":"http:\/\/www.dovaaircraft.be\/?page_id=2173"},"modified":"2022-11-18T14:00:13","modified_gmt":"2022-11-18T13:00:13","slug":"technicke-parametry","status":"publish","type":"page","link":"https:\/\/www.dovaaircraft.be\/cs\/technicke-parametry\/","title":{"rendered":"Technick\u00e9 parametry"},"content":{"rendered":"<div class=\"column one-half\">\n<h4 class=\"dova-skylark\"><span style=\"text-decoration: underline;\">Nostnost a zat\u00ed\u017een\u00ed<\/span><\/h4>\n<div class=\"dova-tabulka-responzivni\">\n<table class=\"dova-tabulka\">\n<thead>\n<tr>\n<td><\/td>\n<th><strong>Ultralight<\/strong><\/th>\n<th><strong>E-LSA<\/strong><\/th>\n<\/tr>\n<\/thead>\n<tbody>\n<tr>\n<th><strong>Pr\u00e1zdn\u00e1 hmotnost<\/strong><\/th>\n<td>287 kg<\/td>\n<td>290 kg<\/td>\n<\/tr>\n<tr>\n<th><strong>Maxim\u00e1ln\u00ed vzletov\u00e1 hmotnost<\/strong><\/th>\n<td>450 kg (472.5 kg w\/rescue syst\u00e9m)<\/td>\n<td>600 kg<\/td>\n<\/tr>\n<tr>\n<th><strong>U\u017eite\u010dn\u00e9 zat\u00ed\u017een\u00ed<\/strong><\/th>\n<td>163 kg<\/td>\n<td>310 kg<\/td>\n<\/tr>\n<tr>\n<th><strong>Maxim\u00e1ln\u00ed mno\u017estv\u00ed paliva<\/strong><\/th>\n<td>90 l<\/td>\n<td>90 l<\/td>\n<\/tr>\n<tr>\n<th><strong>Maxim\u00e1ln\u00ed hmotnost zavazadel<\/strong><\/th>\n<td>20 kg<\/td>\n<td>20 kg<\/td>\n<\/tr>\n<tr>\n<th><strong>Maxim\u00e1ln\u00ed provozn\u00ed n\u00e1sobky<\/strong><\/th>\n<td>(+4, -2)<\/td>\n<td>(+4, -2)<\/td>\n<\/tr>\n<\/tbody>\n<\/table>\n<\/div>\n<div class=\"spacer-medium\"><\/div>\n<h4 class=\"dova-skylark\"><span style=\"text-decoration: underline;\">Provozn\u00ed rychlosti<\/span><\/h4>\n<div class=\"dova-tabulka-responzivni\">\n<table class=\"dova-tabulka\">\n<thead>\n<tr>\n<td><\/td>\n<th><strong>Ultralight<\/strong><\/th>\n<th><strong>E-LSA<\/strong><\/th>\n<\/tr>\n<\/thead>\n<tbody>\n<tr>\n<th><strong>P\u00e1dov\u00e1 rychlost bez klapek<\/strong><\/th>\n<td>78 km\/h<\/td>\n<td>83 km\/h<\/td>\n<\/tr>\n<tr>\n<th><strong>P\u00e1dov\u00e1 rychlost s klapkami<\/strong><\/th>\n<td>64 km\/h<\/td>\n<td>68 km\/h<\/td>\n<\/tr>\n<tr>\n<th><strong>Maxim\u00e1ln\u00ed nep\u0159ekro\u010diteln\u00e1 rychlost<\/strong><\/th>\n<td>285 km\/h<\/td>\n<td>285 km\/h<\/td>\n<\/tr>\n<tr>\n<th><strong>Maxim\u00e1ln\u00ed rychlost vodorovn\u00e9ho letu<\/strong><\/th>\n<td>230 km\/h<\/td>\n<td>230 km\/h<\/td>\n<\/tr>\n<tr>\n<th><strong>Cestovn\u00ed rychlost<\/strong><\/th>\n<td>210 km\/h<\/td>\n<td>210 km\/h<\/td>\n<\/tr>\n<tr>\n<th><strong>Stoupavost<\/strong><\/th>\n<td>6 m\/s<\/td>\n<td>5.9 m\/s<\/td>\n<\/tr>\n<tr>\n<th><strong>Dostup<\/strong><\/th>\n<td>3650 m<\/td>\n<td>3650 m<\/td>\n<\/tr>\n<tr>\n<th><strong>Dolet (30 min. rezerva)<\/strong><\/th>\n<td>1000 km<\/td>\n<td>900 km<\/td>\n<\/tr>\n<\/tbody>\n<\/table>\n<\/div>\n<\/div>\n<div class=\"column one-half last-col\">\n<h4 class=\"dova-skylark\"><span style=\"text-decoration: underline;\">Rozm\u011bry<\/span><\/h4>\n<div class=\"dova-tabulka-responzivni\">\n<table class=\"dova-tabulka\">\n<tbody>\n<tr>\n<th><strong>Rozp\u011bt\u00ed k\u0159\u00eddla<\/strong><\/th>\n<td>8.14 m<\/td>\n<\/tr>\n<tr>\n<th><strong>D\u00e9lka letounu<\/strong><\/th>\n<td>6.62 m<\/td>\n<\/tr>\n<tr>\n<th><strong>V\u00fd\u0161ka letounu<\/strong><\/th>\n<td>2.28 m<\/td>\n<\/tr>\n<tr>\n<th><strong>\u0160\u00ed\u0159ka kabiny<\/strong><\/th>\n<td>1.09 m<\/td>\n<\/tr>\n<tr>\n<th><strong>Plocha k\u0159\u00eddla<\/strong><\/th>\n<td>9.44 m<sup>2<\/sup><\/td>\n<\/tr>\n<tr>\n<th><strong>Plocha VOP<\/strong><\/th>\n<td>1,48 m<sup>2<\/sup><\/td>\n<\/tr>\n<tr>\n<th><strong>Plocha SOP<\/strong><\/th>\n<td>0.9 m<sup>2<\/sup><\/td>\n<\/tr>\n<\/tbody>\n<\/table>\n<\/div>\n<div class=\"spacer-medium\"><\/div>\n<h4 class=\"dova-skylark\"><span style=\"text-decoration: underline;\">Dal\u0161\u00ed parametry<\/span><\/h4>\n<div class=\"dova-tabulka-responzivni\">\n<table class=\"dova-tabulka\">\n<tbody>\n<tr>\n<th><strong>Cestovn\u00ed rychlost v 3000 ft a v\u00fdkonu 75 %<\/strong><\/th>\n<td>210 km\/h<\/td>\n<\/tr>\n<tr>\n<th><strong>Maxim\u00e1ln\u00ed horizont\u00e1ln\u00ed rychlost<\/strong><\/th>\n<td>230 km\/h<\/td>\n<\/tr>\n<tr>\n<th><strong>D\u00e9lka vzletu p\u0159es 15 m p\u0159ek\u00e1\u017eku &#8211; beton<\/strong><\/th>\n<td>265 m<\/td>\n<\/tr>\n<tr>\n<th><strong>D\u00e9lka vzletu p\u0159es 15 m p\u0159ek\u00e1\u017eku &#8211; tr\u00e1va<\/strong><\/th>\n<td>280 m<\/td>\n<\/tr>\n<tr>\n<th><strong>Brzdn\u00e1 dr\u00e1ha<\/strong><\/th>\n<td>153 m<\/td>\n<\/tr>\n<tr>\n<th><strong>Dolet<\/strong><\/th>\n<td>1000 km<\/td>\n<\/tr>\n<tr>\n<th><strong>V\u00fddr\u017e<\/strong><\/th>\n<td>5 h<\/td>\n<\/tr>\n<tr>\n<th><strong>Kapacita paliva<\/strong><\/th>\n<td>90 l<\/td>\n<\/tr>\n<tr>\n<th><strong>Pr\u016fm\u011brn\u00e1 spot\u0159eba paliva<\/strong><\/th>\n<td>15 l\/h<\/td>\n<\/tr>\n<\/tbody>\n<\/table>\n<\/div>\n<\/div>\n","protected":false},"excerpt":{"rendered":"<p>Nostnost a zat\u00ed\u017een\u00ed Ultralight E-LSA Pr\u00e1zdn\u00e1 hmotnost 287 kg &#8230;<\/p>\n","protected":false},"author":3,"featured_media":0,"parent":0,"menu_order":0,"comment_status":"closed","ping_status":"closed","template":"","meta":[],"yoast_head":"<!-- This site is optimized with the Yoast SEO plugin v16.2 - https:\/\/yoast.com\/wordpress\/plugins\/seo\/ -->\n<meta name=\"robots\" content=\"index, follow, max-snippet:-1, max-image-preview:large, max-video-preview:-1\" \/>\n<link rel=\"canonical\" href=\"https:\/\/www.dovaaircraft.be\/cs\/technicke-parametry\/\" \/>\n<meta property=\"og:locale\" content=\"cs_CZ\" \/>\n<meta property=\"og:type\" content=\"article\" \/>\n<meta property=\"og:title\" content=\"Technick\u00e9 parametry - DOVA Aircraft\" \/>\n<meta property=\"og:description\" content=\"Nostnost a zat\u00ed\u017een\u00ed Ultralight E-LSA Pr\u00e1zdn\u00e1 hmotnost 287 kg ...\" \/>\n<meta property=\"og:url\" content=\"https:\/\/www.dovaaircraft.be\/cs\/technicke-parametry\/\" \/>\n<meta property=\"og:site_name\" content=\"DOVA Aircraft\" \/>\n<meta property=\"article:modified_time\" content=\"2022-11-18T13:00:13+00:00\" \/>\n<meta name=\"twitter:card\" content=\"summary_large_image\" \/>\n<meta name=\"twitter:label1\" content=\"Odhadovan\u00e1 doba \u010dten\u00ed\">\n\t<meta name=\"twitter:data1\" content=\"1 minuta\">\n<script type=\"application\/ld+json\" class=\"yoast-schema-graph\">{\"@context\":\"https:\/\/schema.org\",\"@graph\":[{\"@type\":\"WebSite\",\"@id\":\"https:\/\/www.dovaaircraft.be\/cs\/#website\",\"url\":\"https:\/\/www.dovaaircraft.be\/cs\/\",\"name\":\"DOVA Aircraft\",\"description\":\"Ultralight Skylark DV-1\",\"potentialAction\":[{\"@type\":\"SearchAction\",\"target\":\"https:\/\/www.dovaaircraft.be\/cs\/?s={search_term_string}\",\"query-input\":\"required name=search_term_string\"}],\"inLanguage\":\"cs\"},{\"@type\":\"WebPage\",\"@id\":\"https:\/\/www.dovaaircraft.be\/cs\/technicke-parametry\/#webpage\",\"url\":\"https:\/\/www.dovaaircraft.be\/cs\/technicke-parametry\/\",\"name\":\"Technick\\u00e9 parametry - DOVA Aircraft\",\"isPartOf\":{\"@id\":\"https:\/\/www.dovaaircraft.be\/cs\/#website\"},\"datePublished\":\"2019-10-03T07:07:44+00:00\",\"dateModified\":\"2022-11-18T13:00:13+00:00\",\"breadcrumb\":{\"@id\":\"https:\/\/www.dovaaircraft.be\/cs\/technicke-parametry\/#breadcrumb\"},\"inLanguage\":\"cs\",\"potentialAction\":[{\"@type\":\"ReadAction\",\"target\":[\"https:\/\/www.dovaaircraft.be\/cs\/technicke-parametry\/\"]}]},{\"@type\":\"BreadcrumbList\",\"@id\":\"https:\/\/www.dovaaircraft.be\/cs\/technicke-parametry\/#breadcrumb\",\"itemListElement\":[{\"@type\":\"ListItem\",\"position\":1,\"item\":{\"@type\":\"WebPage\",\"@id\":\"https:\/\/www.dovaaircraft.be\/cs\/\",\"url\":\"https:\/\/www.dovaaircraft.be\/cs\/\",\"name\":\"Dom\\u016f\"}},{\"@type\":\"ListItem\",\"position\":2,\"item\":{\"@id\":\"https:\/\/www.dovaaircraft.be\/cs\/technicke-parametry\/#webpage\"}}]}]}<\/script>\n<!-- \/ Yoast SEO plugin. -->","_links":{"self":[{"href":"https:\/\/www.dovaaircraft.be\/cs\/wp-json\/wp\/v2\/pages\/2173"}],"collection":[{"href":"https:\/\/www.dovaaircraft.be\/cs\/wp-json\/wp\/v2\/pages"}],"about":[{"href":"https:\/\/www.dovaaircraft.be\/cs\/wp-json\/wp\/v2\/types\/page"}],"author":[{"embeddable":true,"href":"https:\/\/www.dovaaircraft.be\/cs\/wp-json\/wp\/v2\/users\/3"}],"replies":[{"embeddable":true,"href":"https:\/\/www.dovaaircraft.be\/cs\/wp-json\/wp\/v2\/comments?post=2173"}],"version-history":[{"count":10,"href":"https:\/\/www.dovaaircraft.be\/cs\/wp-json\/wp\/v2\/pages\/2173\/revisions"}],"predecessor-version":[{"id":7904,"href":"https:\/\/www.dovaaircraft.be\/cs\/wp-json\/wp\/v2\/pages\/2173\/revisions\/7904"}],"wp:attachment":[{"href":"https:\/\/www.dovaaircraft.be\/cs\/wp-json\/wp\/v2\/media?parent=2173"}],"curies":[{"name":"wp","href":"https:\/\/api.w.org\/{rel}","templated":true}]}}